{"id":5376,"date":"2021-11-07T10:57:02","date_gmt":"2021-11-07T10:57:02","guid":{"rendered":"https:\/\/lillekaup.ee\/?page_id=5376"},"modified":"2021-11-07T11:24:50","modified_gmt":"2021-11-07T11:24:50","slug":"muugitingimused","status":"publish","type":"page","link":"https:\/\/lillekaup.ee\/ru\/muugitingimused\/","title":{"rendered":"M\u00fc\u00fcgitingimused"},"content":{"rendered":"<p>Veebipoe poialpoiss.ee (edaspidi Veebipood v\u00f5i E-pood) omanik on LILLED24 O\u00dc (registrikood 16086601), juriidilise aadressiga Harjumaa, Tallinn linn, Meeliku tn 22\/1, 13915, Eesti Vabariik, kontakttelefoniga +37256787786<\/p><p><strong>M\u00fc\u00fcgilepingu kehtivus, kauba- ja hinnainfo<\/strong><\/p><p>M\u00fc\u00fcgitingimused kehtivad Veebipoest kaupade ostmisel. M\u00fc\u00fcgitingimused kehtivad k\u00f5igi isikute suhtes (edaspidi Ostja), kes ostavad Veebipoest aadressil https:\/\/lillekaup.ee ning s\u00f5lmivad e-poest kauba ostmiseks ostu-m\u00fc\u00fcgilepingu. Veebipoest tellimust sooritades ja kauba eest tasudes kinnitab ostja, et on tutvunud m\u00fc\u00fcgitingimustega ning annab neile oma n\u00f5usoleku. Veebipoel on \u00f5igus \u00fchepoolselt tingimusi muuta ja t\u00e4iendada, muudatusi kajastatakse Veebipoe veebilehel. Tingimustele lisaks kehtivad Veebipoes Eesti Vabariigis kehtivad seadused.<\/p><p>Veebipoest https:\/\/lillekaup.ee saab osta Veebipoes kuvatud tooteid.<\/p><p><strong>Tellimuse vormistamine<\/strong><\/p><p>Tellimuse sooritamiseks valib ostja v\u00e4lja sobiva toote ning lisab selle ostukorvi. Seej\u00e4rel kuvatakse ekraanile kauba ja saatmiskulude summa, mille saab tasuda turvaliselt l\u00e4bi j\u00e4rgnevate makseviiside:<br>Eesti pangalingid: Swedbank, SEB, Luminor, LHV, Coop Pank, Revolut;<br>Kaardimaksed: Visa\/Mastercard deebet- ja krediitkaardid;<br>Elektronraha: PaySera;<\/p><p>NB! Pangalingiga tasumisel vajutada kindlasti panga lehel nupule \u201eTagasi kaupmehe juurde\u201c.<\/p><p>Makseid vahendab \u201c<a rel=\"noreferrer noopener\" href=\"https:\/\/www.paysera.ee\/v2\/et-EE\/meist\/rekvisiidid\" target=\"_blank\">Paysera LT<\/a>\u201d, UAB, registreerimiskood 300060819. Tasumine toimub v\u00e4ljaspool Veebipoodi turvalises keskkonnas \u2013 pangalingiga tasumisel vastava panga turvalises keskkonnas ja deebet- v\u00f5i krediitkaardiga tasumisel PaySera turvalises keskkonnas. Veebipoel puudub ligip\u00e4\u00e4s ostja panga ja deebet- v\u00f5i krediitkaardi andmetele. Veebipoe omanik on isikuandmete vastutav t\u00f6\u00f6tleja ning edastab maksete teostamiseks vajalikud isikuandmed volitatud t\u00f6\u00f6tleja PaySera-le.<\/p><p>Leping j\u00f5ustub alates tasumisele kuuluva summa t\u00e4ies ulatuses laekumisest Veebipoe arvelduskontole. Ostjale saadetakse ka e-postiga kinnitus tellimuse tegemisest.<\/p><p><strong>Vaidluste lahendamine<\/strong><\/p><p>Kui ostjal on Veebipoe osas pretensioone, tuleb need saata e-kirjana aadressile info@lillekaup.ee .<\/p><p>Veebipood vastab ostja esitatud kaebusele kirjalikult v\u00f5i kirjalikku taasesitamist v\u00f5imaldavas vormis 15 p\u00e4eva jooksul vastavalt Tarbijakaitseseadusele, mille leiad siit (<a rel=\"noreferrer noopener\" href=\"https:\/\/www.riigiteataja.ee\/akt\/131122015001?leiaKehtiv\" target=\"_blank\">link<\/a>).<\/p><p>Kui ostja ja Veebipood ei suuda lahendada vaidlust kokkuleppe teel, siis on ostjal v\u00f5imalik p\u00f6\u00f6rduda Tarbijavaidluste komisjoni poole. Menetlustingimustega saab tutvuda ning avaldust esitada siin (<a href=\"https:\/\/www.ttja.ee\/et\" target=\"_blank\" rel=\"noreferrer noopener\">link<\/a>).&nbsp;Tarbijavaidluste komisjoni p\u00e4devuses on lahendada ostja ja Veebipoe vahel s\u00f5lmitud lepingust tulenevaid vaidlusi. Ostja kaebuse l\u00e4bivaatamine komisjonis on tasuta.<\/p><p>Ostja v\u00f5ib p\u00f6\u00f6rduda ka Euroopa Liidu tarbijavaidlusi lahendava platvormi poole.<\/p><p><strong>Vastutus ja v\u00e4\u00e4ramatu j\u00f5ud<\/strong><\/p><p>Veebipood vastutab ostja ees ning ostja vastutab Veebipoe ees teisele poolele k\u00e4esoleva lepingu tingimuste rikkumisega tekitatud kahju eest Eesti Vabariigis kehtivates \u00f5igusaktides s\u00e4testatud juhtudel ja ulatuses.<\/p><p>Veebipood ei vastuta ostjale tekitatud kahjude eest v\u00f5i toote kohaletoimetamise viibimise eest juhul, kui kahju v\u00f5i toote kohaletoomise viibimine on tingitud asjaolust, mida<\/p><p>Veebipood ei saanud m\u00f5jutada ning mille saabumist Veebipood ei n\u00e4inud ette ega v\u00f5inud ette n\u00e4ha (v\u00e4\u00e4ramatu j\u00f5ud).<\/p><p>Veebipood ei vastuta toote kadumise v\u00f5i kahjustumise eest, mis on toimunud p\u00e4rast toote \u00fcleandmist vedajale.<\/p><p>Veebipood vastutab ostja eest toote m\u00fc\u00fcgihinna ulatuses. Veebipood ei v\u00f5ta vastutust puudusega toodete poolt tekitatud kahjude eest nagu vara v\u00f5i informatsiooni kahjustumine, k\u00e4ibe v\u00f5i kasumi kaotamine.<\/p><p><strong>Privaatsus ja isikuandmete t\u00f6\u00f6tlemine<\/strong><\/p><p>Veebipoe kasutamise ning lehel p\u00fcsimisega annab ostja selge ja teadliku n\u00f5usoleku Veebipoele enda isikuandmete t\u00f6\u00f6tlemiseks ning parima veebikogemuse tarbeks vajalike k\u00fcpsiste kasutamiseks k\u00e4esolevas lepingus s\u00e4testatud tingimustel.<\/p><p>Veebipoele teatavaks saanud isikuandmed kantakse kliendiregistrisse ning kasutatakse m\u00fc\u00fcgiteenuse osutamiseks ja toodete pakkumiseks. Veebipood saadab ostjale uudiskirju ning pakkumisi ostja e-maili aadressile ainult juhul, kui ostja on selleks avaldanud soovi sisestades&nbsp;www.poialpoiss.ee veebilehel enda e-posti aadressi ning andnud teada oma soovist otsepostituse teadete saamiseks.<\/p><p>Ostjal on igal ajal v\u00f5imalik loobuda e-postile saadetavatest pakkumistest ja uudiskirjadest andes sellest teada e-kirja teel v\u00f5i j\u00e4rgides pakkumisi sisaldavas e-kirjas toodud juhiseid. Samuti on ostjal \u00f5igus igal hetkel k\u00fcsida infot Veebipoe poolt kogutavate andmete kohta.<\/p><p>Ostja isikuandmeid, mis on vajalikud kauba k\u00e4tte toimetamiseks, edastatakse kulleriteenust osutavale ettev\u00f5ttele \u00fcksnes h\u00e4davajalikus ulatuses.&nbsp;Isikuandmete kaitse on tagatud k\u00f5igi seadusest tulenevate turvameetmetega. Veebipood kohustub mitte edastama registreeritud isikuandmeid k\u00f5rvalistele isikutele v\u00f5i kasutama isikuandmeid seaduse v\u00f5i k\u00e4esoleva lepinguga vastuolus.<\/p><p>Veebipoe ostukeskkond on turvaline, Veebipoes on kasutusel turvalise makse s\u00fcsteem, mis ei v\u00f5imalda tegeleda kaardipettustega.<\/p><p>Detailsemat \u00fclevaadet Veebipoe privaatsustingimustest saad lugeda&nbsp;<a href=\"https:\/\/lillekaup.ee\/privaatsustingimused\/\">siit<\/a>.<\/p><p><strong>Tingimuste muutmine<\/strong><\/p><p>Veebipoel on \u00f5igus Veebipoe arengust tulenevalt ning Veebipoe parema ja turvalisema kasutamise huvides k\u00e4esoleva lepingu tingimusi ja hinnakirja muuta ning t\u00e4iendada.<\/p><p>Tingimuste ja hinnakirja muudatused ning t\u00e4iendused j\u00f5ustuvad vastava muudatuse v\u00f5i t\u00e4ienduse avaldamisest internetilehek\u00fcljel blumenstrasse.online. Kui ostja edastas oma tellimuse enne tingimuste muudatuste j\u00f5ustumist, kohaldatakse Veebipoe ja ostja vahel tekkinud \u00f5igussuhtele ostja poolt tellimuse edastamise ajal kehtinud tingimusi, v.a kui seaduses v\u00f5i k\u00e4esolevat lepingu tingimustes on ette n\u00e4htud teisiti.<\/p>","protected":false},"excerpt":{"rendered":"<p>Veebipoe poialpoiss.ee (edaspidi Veebipood v\u00f5i E-pood) omanik on LILLED24 O\u00dc (registrikood 16086601), juriidilise aadressiga Harjumaa, Tallinn linn, Meeliku tn 22\/1, 13915, Eesti Vabariik, kontakttelefoniga +37256787786 M\u00fc\u00fcgilepingu kehtivus, kauba- ja hinnainfo M\u00fc\u00fcgitingimused kehtivad Veebipoest kaupade ostmisel. M\u00fc\u00fcgitingimused kehtivad k\u00f5igi isikute suhtes [&hellip;]<\/p>\n","protected":false},"author":1,"featured_media":0,"parent":0,"menu_order":0,"comment_status":"closed","ping_status":"closed","template":"","meta":{"footnotes":""},"class_list":["post-5376","page","type-page","status-publish","hentry"],"yoast_head":"<!-- This site is optimized with the Yoast SEO plugin v24.8.1 - https:\/\/yoast.com\/wordpress\/plugins\/seo\/ -->\n<title>M\u00fc\u00fcgitingimused - Lillekoda<\/title>\n<meta name=\"robots\" content=\"index, follow, max-snippet:-1, max-image-preview:large, max-video-preview:-1\" \/>\n<link rel=\"canonical\" href=\"https:\/\/lillekaup.ee\/muugitingimused\/\" \/>\n<meta property=\"og:locale\" content=\"ru_RU\" \/>\n<meta property=\"og:type\" content=\"article\" \/>\n<meta property=\"og:title\" content=\"M\u00fc\u00fcgitingimused - Lillekoda\" \/>\n<meta property=\"og:description\" content=\"Veebipoe poialpoiss.ee (edaspidi Veebipood v\u00f5i E-pood) omanik on LILLED24 O\u00dc (registrikood 16086601), juriidilise aadressiga Harjumaa, Tallinn linn, Meeliku tn 22\/1, 13915, Eesti Vabariik, kontakttelefoniga +37256787786 M\u00fc\u00fcgilepingu kehtivus, kauba- ja hinnainfo M\u00fc\u00fcgitingimused kehtivad Veebipoest kaupade ostmisel. M\u00fc\u00fcgitingimused kehtivad k\u00f5igi isikute suhtes [&hellip;]\" \/>\n<meta property=\"og:url\" content=\"https:\/\/lillekaup.ee\/muugitingimused\/\" \/>\n<meta property=\"og:site_name\" content=\"Lillekoda\" \/>\n<meta property=\"article:modified_time\" content=\"2021-11-07T11:24:50+00:00\" \/>\n<meta name=\"twitter:card\" content=\"summary_large_image\" \/>\n<meta name=\"twitter:label1\" content=\"\u041f\u0440\u0438\u043c\u0435\u0440\u043d\u043e\u0435 \u0432\u0440\u0435\u043c\u044f \u0434\u043b\u044f \u0447\u0442\u0435\u043d\u0438\u044f\" \/>\n\t<meta name=\"twitter:data1\" content=\"4 \u043c\u0438\u043d\u0443\u0442\u044b\" \/>\n<script type=\"application\/ld+json\" class=\"yoast-schema-graph\">{\"@context\":\"https:\/\/schema.org\",\"@graph\":[{\"@type\":\"WebPage\",\"@id\":\"https:\/\/lillekaup.ee\/muugitingimused\/\",\"url\":\"https:\/\/lillekaup.ee\/muugitingimused\/\",\"name\":\"M\u00fc\u00fcgitingimused - Lillekoda\",\"isPartOf\":{\"@id\":\"https:\/\/lillekaup.ee\/#website\"},\"datePublished\":\"2021-11-07T10:57:02+00:00\",\"dateModified\":\"2021-11-07T11:24:50+00:00\",\"breadcrumb\":{\"@id\":\"https:\/\/lillekaup.ee\/muugitingimused\/#breadcrumb\"},\"inLanguage\":\"ru-RU\",\"potentialAction\":[{\"@type\":\"ReadAction\",\"target\":[\"https:\/\/lillekaup.ee\/muugitingimused\/\"]}]},{\"@type\":\"BreadcrumbList\",\"@id\":\"https:\/\/lillekaup.ee\/muugitingimused\/#breadcrumb\",\"itemListElement\":[{\"@type\":\"ListItem\",\"position\":1,\"name\":\"\u0413\u043b\u0430\u0432\u043d\u0430\u044f \u0441\u0442\u0440\u0430\u043d\u0438\u0446\u0430\",\"item\":\"https:\/\/lillekaup.ee\/ru\/\"},{\"@type\":\"ListItem\",\"position\":2,\"name\":\"M\u00fc\u00fcgitingimused\"}]},{\"@type\":\"WebSite\",\"@id\":\"https:\/\/lillekaup.ee\/#website\",\"url\":\"https:\/\/lillekaup.ee\/\",\"name\":\"Lillekoda\",\"description\":\"\u0412\u0430\u0448 \u043c\u0430\u0433\u0430\u0437\u0438\u043d \u0446\u0432\u0435\u0442\u043e\u0432\",\"publisher\":{\"@id\":\"https:\/\/lillekaup.ee\/#organization\"},\"potentialAction\":[{\"@type\":\"SearchAction\",\"target\":{\"@type\":\"EntryPoint\",\"urlTemplate\":\"https:\/\/lillekaup.ee\/?s={search_term_string}\"},\"query-input\":{\"@type\":\"PropertyValueSpecification\",\"valueRequired\":true,\"valueName\":\"search_term_string\"}}],\"inLanguage\":\"ru-RU\"},{\"@type\":\"Organization\",\"@id\":\"https:\/\/lillekaup.ee\/#organization\",\"name\":\"Lillekoda\",\"url\":\"https:\/\/lillekaup.ee\/\",\"logo\":{\"@type\":\"ImageObject\",\"inLanguage\":\"ru-RU\",\"@id\":\"https:\/\/lillekaup.ee\/#\/schema\/logo\/image\/\",\"url\":\"https:\/\/lillekaup.ee\/wp-content\/uploads\/2021\/10\/logo.png\",\"contentUrl\":\"https:\/\/lillekaup.ee\/wp-content\/uploads\/2021\/10\/logo.png\",\"width\":300,\"height\":95,\"caption\":\"Lillekoda\"},\"image\":{\"@id\":\"https:\/\/lillekaup.ee\/#\/schema\/logo\/image\/\"}}]}<\/script>\n<!-- \/ Yoast SEO plugin. -->","yoast_head_json":{"title":"M\u00fc\u00fcgitingimused - Lillekoda","robots":{"index":"index","follow":"follow","max-snippet":"max-snippet:-1","max-image-preview":"max-image-preview:large","max-video-preview":"max-video-preview:-1"},"canonical":"https:\/\/lillekaup.ee\/muugitingimused\/","og_locale":"ru_RU","og_type":"article","og_title":"M\u00fc\u00fcgitingimused - Lillekoda","og_description":"Veebipoe poialpoiss.ee (edaspidi Veebipood v\u00f5i E-pood) omanik on LILLED24 O\u00dc (registrikood 16086601), juriidilise aadressiga Harjumaa, Tallinn linn, Meeliku tn 22\/1, 13915, Eesti Vabariik, kontakttelefoniga +37256787786 M\u00fc\u00fcgilepingu kehtivus, kauba- ja hinnainfo M\u00fc\u00fcgitingimused kehtivad Veebipoest kaupade ostmisel. M\u00fc\u00fcgitingimused kehtivad k\u00f5igi isikute suhtes [&hellip;]","og_url":"https:\/\/lillekaup.ee\/muugitingimused\/","og_site_name":"Lillekoda","article_modified_time":"2021-11-07T11:24:50+00:00","twitter_card":"summary_large_image","twitter_misc":{"\u041f\u0440\u0438\u043c\u0435\u0440\u043d\u043e\u0435 \u0432\u0440\u0435\u043c\u044f \u0434\u043b\u044f \u0447\u0442\u0435\u043d\u0438\u044f":"4 \u043c\u0438\u043d\u0443\u0442\u044b"},"schema":{"@context":"https:\/\/schema.org","@graph":[{"@type":"WebPage","@id":"https:\/\/lillekaup.ee\/muugitingimused\/","url":"https:\/\/lillekaup.ee\/muugitingimused\/","name":"M\u00fc\u00fcgitingimused - Lillekoda","isPartOf":{"@id":"https:\/\/lillekaup.ee\/#website"},"datePublished":"2021-11-07T10:57:02+00:00","dateModified":"2021-11-07T11:24:50+00:00","breadcrumb":{"@id":"https:\/\/lillekaup.ee\/muugitingimused\/#breadcrumb"},"inLanguage":"ru-RU","potentialAction":[{"@type":"ReadAction","target":["https:\/\/lillekaup.ee\/muugitingimused\/"]}]},{"@type":"BreadcrumbList","@id":"https:\/\/lillekaup.ee\/muugitingimused\/#breadcrumb","itemListElement":[{"@type":"ListItem","position":1,"name":"\u0413\u043b\u0430\u0432\u043d\u0430\u044f \u0441\u0442\u0440\u0430\u043d\u0438\u0446\u0430","item":"https:\/\/lillekaup.ee\/ru\/"},{"@type":"ListItem","position":2,"name":"M\u00fc\u00fcgitingimused"}]},{"@type":"WebSite","@id":"https:\/\/lillekaup.ee\/#website","url":"https:\/\/lillekaup.ee\/","name":"Lillekoda","description":"\u0412\u0430\u0448 \u043c\u0430\u0433\u0430\u0437\u0438\u043d \u0446\u0432\u0435\u0442\u043e\u0432","publisher":{"@id":"https:\/\/lillekaup.ee\/#organization"},"potentialAction":[{"@type":"SearchAction","target":{"@type":"EntryPoint","urlTemplate":"https:\/\/lillekaup.ee\/?s={search_term_string}"},"query-input":{"@type":"PropertyValueSpecification","valueRequired":true,"valueName":"search_term_string"}}],"inLanguage":"ru-RU"},{"@type":"Organization","@id":"https:\/\/lillekaup.ee\/#organization","name":"Lillekoda","url":"https:\/\/lillekaup.ee\/","logo":{"@type":"ImageObject","inLanguage":"ru-RU","@id":"https:\/\/lillekaup.ee\/#\/schema\/logo\/image\/","url":"https:\/\/lillekaup.ee\/wp-content\/uploads\/2021\/10\/logo.png","contentUrl":"https:\/\/lillekaup.ee\/wp-content\/uploads\/2021\/10\/logo.png","width":300,"height":95,"caption":"Lillekoda"},"image":{"@id":"https:\/\/lillekaup.ee\/#\/schema\/logo\/image\/"}}]}},"_links":{"self":[{"href":"https:\/\/lillekaup.ee\/ru\/wp-json\/wp\/v2\/pages\/5376","targetHints":{"allow":["GET"]}}],"collection":[{"href":"https:\/\/lillekaup.ee\/ru\/wp-json\/wp\/v2\/pages"}],"about":[{"href":"https:\/\/lillekaup.ee\/ru\/wp-json\/wp\/v2\/types\/page"}],"author":[{"embeddable":true,"href":"https:\/\/lillekaup.ee\/ru\/wp-json\/wp\/v2\/users\/1"}],"replies":[{"embeddable":true,"href":"https:\/\/lillekaup.ee\/ru\/wp-json\/wp\/v2\/comments?post=5376"}],"version-history":[{"count":2,"href":"https:\/\/lillekaup.ee\/ru\/wp-json\/wp\/v2\/pages\/5376\/revisions"}],"predecessor-version":[{"id":5396,"href":"https:\/\/lillekaup.ee\/ru\/wp-json\/wp\/v2\/pages\/5376\/revisions\/5396"}],"wp:attachment":[{"href":"https:\/\/lillekaup.ee\/ru\/wp-json\/wp\/v2\/media?parent=5376"}],"curies":[{"name":"wp","href":"https:\/\/api.w.org\/{rel}","templated":true}]}}