{"id":6127,"date":"2022-10-31T19:25:50","date_gmt":"2022-12-13T18:54:50","guid":{"rendered":"https:\/\/lillekaup.ee\/shop\/kimp-%e2%84%96-27\/"},"modified":"2022-12-13T18:54:50","modified_gmt":"2022-12-13T18:54:50","slug":"kimp-%e2%84%96-27","status":"publish","type":"product","link":"https:\/\/lillekaup.ee\/en\/product\/kimp-%e2%84%96-27\/","title":{"rendered":"kimp \u2116 27"},"content":{"rendered":"<p><img loading=\"lazy\" decoding=\"async\" class=\"alignnone size-full wp-image-5999\" src=\"https:\/\/lillekaup.ee\/wp-content\/uploads\/2022\/10\/FLOR-27-eur.jpeg\" alt=\"\" width=\"1000\" height=\"1000\" srcset=\"https:\/\/lillekaup.ee\/wp-content\/uploads\/2022\/10\/FLOR-27-eur.jpeg 1000w, https:\/\/lillekaup.ee\/wp-content\/uploads\/2022\/10\/FLOR-27-eur-300x300.jpeg 300w, https:\/\/lillekaup.ee\/wp-content\/uploads\/2022\/10\/FLOR-27-eur-150x150.jpeg 150w, https:\/\/lillekaup.ee\/wp-content\/uploads\/2022\/10\/FLOR-27-eur-768x768.jpeg 768w, https:\/\/lillekaup.ee\/wp-content\/uploads\/2022\/10\/FLOR-27-eur-650x650.jpeg 650w, https:\/\/lillekaup.ee\/wp-content\/uploads\/2022\/10\/FLOR-27-eur-600x600.jpeg 600w, https:\/\/lillekaup.ee\/wp-content\/uploads\/2022\/10\/FLOR-27-eur-100x100.jpeg 100w\" sizes=\"auto, (max-width: 1000px) 100vw, 1000px\" \/><\/p>\n","protected":false},"excerpt":{"rendered":"<p>Professionaalsete lillepoodide poolt kvaliteetselt valitud ja kujundatud v\u00e4rskeimate lillede ainulaadne kombinatsioon r\u00f5\u00f5mustab kindlasti teie armastatut. Tellides meilt lillekimbu koos kohaletoomisega, v\u00f5ite olla kindel kvaliteedi, v\u00e4rskuse ja parima tulemuse garantiis.<\/p>\n","protected":false},"featured_media":5999,"template":"","meta":[],"product_brand":[],"product_cat":[122,125],"product_tag":[],"class_list":{"0":"post-6127","1":"product","2":"type-product","3":"status-publish","4":"has-post-thumbnail","6":"product_cat-kimbud","7":"product_cat-segakimbud","9":"first","10":"instock","11":"taxable","12":"shipping-taxable","13":"purchasable","14":"product-type-simple"},"yoast_head":"<!-- This site is optimized with the Yoast SEO plugin v24.8.1 - https:\/\/yoast.com\/wordpress\/plugins\/seo\/ -->\n<title>kimp \u2116 27 - Tallinn, Estonia<\/title>\n<meta name=\"robots\" content=\"index, follow, max-snippet:-1, max-image-preview:large, max-video-preview:-1\" \/>\n<link rel=\"canonical\" href=\"https:\/\/lillekaup.ee\/product\/kimp-\u2116-27\/\" \/>\n<meta property=\"og:locale\" content=\"en_US\" \/>\n<meta property=\"og:type\" content=\"article\" \/>\n<meta property=\"og:title\" content=\"kimp \u2116 27 - Tallinn, Estonia\" \/>\n<meta property=\"og:description\" content=\"Professionaalsete lillepoodide poolt kvaliteetselt valitud ja kujundatud v\u00e4rskeimate lillede ainulaadne kombinatsioon r\u00f5\u00f5mustab kindlasti teie armastatut. Tellides meilt lillekimbu koos kohaletoomisega, v\u00f5ite olla kindel kvaliteedi, v\u00e4rskuse ja parima tulemuse garantiis.\" \/>\n<meta property=\"og:url\" content=\"https:\/\/lillekaup.ee\/product\/kimp-\u2116-27\/\" \/>\n<meta property=\"og:site_name\" content=\"Lillekoda\" \/>\n<meta property=\"og:image\" content=\"https:\/\/lillekaup.ee\/wp-content\/uploads\/2022\/10\/FLOR-27-eur.jpeg\" \/>\n\t<meta property=\"og:image:width\" content=\"1000\" \/>\n\t<meta property=\"og:image:height\" content=\"1000\" \/>\n\t<meta property=\"og:image:type\" content=\"image\/jpeg\" \/>\n<meta name=\"twitter:card\" content=\"summary_large_image\" \/>\n<script type=\"application\/ld+json\" class=\"yoast-schema-graph\">{\"@context\":\"https:\/\/schema.org\",\"@graph\":[{\"@type\":\"WebPage\",\"@id\":\"https:\/\/lillekaup.ee\/product\/kimp-%e2%84%96-27\/\",\"url\":\"https:\/\/lillekaup.ee\/product\/kimp-%e2%84%96-27\/\",\"name\":\"kimp \u2116 27 - Tallinn, Estonia\",\"isPartOf\":{\"@id\":\"https:\/\/lillekaup.ee\/#website\"},\"primaryImageOfPage\":{\"@id\":\"https:\/\/lillekaup.ee\/product\/kimp-%e2%84%96-27\/#primaryimage\"},\"image\":{\"@id\":\"https:\/\/lillekaup.ee\/product\/kimp-%e2%84%96-27\/#primaryimage\"},\"thumbnailUrl\":\"https:\/\/lillekaup.ee\/wp-content\/uploads\/2022\/10\/FLOR-27-eur.jpeg\",\"datePublished\":\"2022-12-13T18:54:50+00:00\",\"breadcrumb\":{\"@id\":\"https:\/\/lillekaup.ee\/product\/kimp-%e2%84%96-27\/#breadcrumb\"},\"inLanguage\":\"en-US\",\"potentialAction\":[{\"@type\":\"ReadAction\",\"target\":[\"https:\/\/lillekaup.ee\/product\/kimp-%e2%84%96-27\/\"]}]},{\"@type\":\"ImageObject\",\"inLanguage\":\"en-US\",\"@id\":\"https:\/\/lillekaup.ee\/product\/kimp-%e2%84%96-27\/#primaryimage\",\"url\":\"https:\/\/lillekaup.ee\/wp-content\/uploads\/2022\/10\/FLOR-27-eur.jpeg\",\"contentUrl\":\"https:\/\/lillekaup.ee\/wp-content\/uploads\/2022\/10\/FLOR-27-eur.jpeg\",\"width\":1000,\"height\":1000},{\"@type\":\"BreadcrumbList\",\"@id\":\"https:\/\/lillekaup.ee\/product\/kimp-%e2%84%96-27\/#breadcrumb\",\"itemListElement\":[{\"@type\":\"ListItem\",\"position\":1,\"name\":\"\u0413\u043b\u0430\u0432\u043d\u0430\u044f \u0441\u0442\u0440\u0430\u043d\u0438\u0446\u0430\",\"item\":\"https:\/\/lillekaup.ee\/en\/homepage\/\"},{\"@type\":\"ListItem\",\"position\":2,\"name\":\"Shop\",\"item\":\"https:\/\/lillekaup.ee\/en\/shop-2\/\"},{\"@type\":\"ListItem\",\"position\":3,\"name\":\"kimp \u2116 27\"}]},{\"@type\":\"WebSite\",\"@id\":\"https:\/\/lillekaup.ee\/#website\",\"url\":\"https:\/\/lillekaup.ee\/\",\"name\":\"Lillekoda\",\"description\":\"\u0412\u0430\u0448 \u043c\u0430\u0433\u0430\u0437\u0438\u043d \u0446\u0432\u0435\u0442\u043e\u0432\",\"publisher\":{\"@id\":\"https:\/\/lillekaup.ee\/#organization\"},\"potentialAction\":[{\"@type\":\"SearchAction\",\"target\":{\"@type\":\"EntryPoint\",\"urlTemplate\":\"https:\/\/lillekaup.ee\/?s={search_term_string}\"},\"query-input\":{\"@type\":\"PropertyValueSpecification\",\"valueRequired\":true,\"valueName\":\"search_term_string\"}}],\"inLanguage\":\"en-US\"},{\"@type\":\"Organization\",\"@id\":\"https:\/\/lillekaup.ee\/#organization\",\"name\":\"Lillekoda\",\"url\":\"https:\/\/lillekaup.ee\/\",\"logo\":{\"@type\":\"ImageObject\",\"inLanguage\":\"en-US\",\"@id\":\"https:\/\/lillekaup.ee\/#\/schema\/logo\/image\/\",\"url\":\"https:\/\/lillekaup.ee\/wp-content\/uploads\/2021\/10\/logo.png\",\"contentUrl\":\"https:\/\/lillekaup.ee\/wp-content\/uploads\/2021\/10\/logo.png\",\"width\":300,\"height\":95,\"caption\":\"Lillekoda\"},\"image\":{\"@id\":\"https:\/\/lillekaup.ee\/#\/schema\/logo\/image\/\"}}]}<\/script>\n<!-- \/ Yoast SEO plugin. -->","yoast_head_json":{"title":"kimp \u2116 27 - Tallinn, Estonia","robots":{"index":"index","follow":"follow","max-snippet":"max-snippet:-1","max-image-preview":"max-image-preview:large","max-video-preview":"max-video-preview:-1"},"canonical":"https:\/\/lillekaup.ee\/product\/kimp-\u2116-27\/","og_locale":"en_US","og_type":"article","og_title":"kimp \u2116 27 - Tallinn, Estonia","og_description":"Professionaalsete lillepoodide poolt kvaliteetselt valitud ja kujundatud v\u00e4rskeimate lillede ainulaadne kombinatsioon r\u00f5\u00f5mustab kindlasti teie armastatut. Tellides meilt lillekimbu koos kohaletoomisega, v\u00f5ite olla kindel kvaliteedi, v\u00e4rskuse ja parima tulemuse garantiis.","og_url":"https:\/\/lillekaup.ee\/product\/kimp-\u2116-27\/","og_site_name":"Lillekoda","og_image":[{"width":1000,"height":1000,"url":"https:\/\/lillekaup.ee\/wp-content\/uploads\/2022\/10\/FLOR-27-eur.jpeg","type":"image\/jpeg"}],"twitter_card":"summary_large_image","schema":{"@context":"https:\/\/schema.org","@graph":[{"@type":"WebPage","@id":"https:\/\/lillekaup.ee\/product\/kimp-%e2%84%96-27\/","url":"https:\/\/lillekaup.ee\/product\/kimp-%e2%84%96-27\/","name":"kimp \u2116 27 - Tallinn, Estonia","isPartOf":{"@id":"https:\/\/lillekaup.ee\/#website"},"primaryImageOfPage":{"@id":"https:\/\/lillekaup.ee\/product\/kimp-%e2%84%96-27\/#primaryimage"},"image":{"@id":"https:\/\/lillekaup.ee\/product\/kimp-%e2%84%96-27\/#primaryimage"},"thumbnailUrl":"https:\/\/lillekaup.ee\/wp-content\/uploads\/2022\/10\/FLOR-27-eur.jpeg","datePublished":"2022-12-13T18:54:50+00:00","breadcrumb":{"@id":"https:\/\/lillekaup.ee\/product\/kimp-%e2%84%96-27\/#breadcrumb"},"inLanguage":"en-US","potentialAction":[{"@type":"ReadAction","target":["https:\/\/lillekaup.ee\/product\/kimp-%e2%84%96-27\/"]}]},{"@type":"ImageObject","inLanguage":"en-US","@id":"https:\/\/lillekaup.ee\/product\/kimp-%e2%84%96-27\/#primaryimage","url":"https:\/\/lillekaup.ee\/wp-content\/uploads\/2022\/10\/FLOR-27-eur.jpeg","contentUrl":"https:\/\/lillekaup.ee\/wp-content\/uploads\/2022\/10\/FLOR-27-eur.jpeg","width":1000,"height":1000},{"@type":"BreadcrumbList","@id":"https:\/\/lillekaup.ee\/product\/kimp-%e2%84%96-27\/#breadcrumb","itemListElement":[{"@type":"ListItem","position":1,"name":"\u0413\u043b\u0430\u0432\u043d\u0430\u044f \u0441\u0442\u0440\u0430\u043d\u0438\u0446\u0430","item":"https:\/\/lillekaup.ee\/en\/homepage\/"},{"@type":"ListItem","position":2,"name":"Shop","item":"https:\/\/lillekaup.ee\/en\/shop-2\/"},{"@type":"ListItem","position":3,"name":"kimp \u2116 27"}]},{"@type":"WebSite","@id":"https:\/\/lillekaup.ee\/#website","url":"https:\/\/lillekaup.ee\/","name":"Lillekoda","description":"\u0412\u0430\u0448 \u043c\u0430\u0433\u0430\u0437\u0438\u043d \u0446\u0432\u0435\u0442\u043e\u0432","publisher":{"@id":"https:\/\/lillekaup.ee\/#organization"},"potentialAction":[{"@type":"SearchAction","target":{"@type":"EntryPoint","urlTemplate":"https:\/\/lillekaup.ee\/?s={search_term_string}"},"query-input":{"@type":"PropertyValueSpecification","valueRequired":true,"valueName":"search_term_string"}}],"inLanguage":"en-US"},{"@type":"Organization","@id":"https:\/\/lillekaup.ee\/#organization","name":"Lillekoda","url":"https:\/\/lillekaup.ee\/","logo":{"@type":"ImageObject","inLanguage":"en-US","@id":"https:\/\/lillekaup.ee\/#\/schema\/logo\/image\/","url":"https:\/\/lillekaup.ee\/wp-content\/uploads\/2021\/10\/logo.png","contentUrl":"https:\/\/lillekaup.ee\/wp-content\/uploads\/2021\/10\/logo.png","width":300,"height":95,"caption":"Lillekoda"},"image":{"@id":"https:\/\/lillekaup.ee\/#\/schema\/logo\/image\/"}}]}},"_links":{"self":[{"href":"https:\/\/lillekaup.ee\/en\/wp-json\/wp\/v2\/product\/6127","targetHints":{"allow":["GET"]}}],"collection":[{"href":"https:\/\/lillekaup.ee\/en\/wp-json\/wp\/v2\/product"}],"about":[{"href":"https:\/\/lillekaup.ee\/en\/wp-json\/wp\/v2\/types\/product"}],"wp:featuredmedia":[{"embeddable":true,"href":"https:\/\/lillekaup.ee\/en\/wp-json\/wp\/v2\/media\/5999"}],"wp:attachment":[{"href":"https:\/\/lillekaup.ee\/en\/wp-json\/wp\/v2\/media?parent=6127"}],"wp:term":[{"taxonomy":"product_brand","embeddable":true,"href":"https:\/\/lillekaup.ee\/en\/wp-json\/wp\/v2\/product_brand?post=6127"},{"taxonomy":"product_cat","embeddable":true,"href":"https:\/\/lillekaup.ee\/en\/wp-json\/wp\/v2\/product_cat?post=6127"},{"taxonomy":"product_tag","embeddable":true,"href":"https:\/\/lillekaup.ee\/en\/wp-json\/wp\/v2\/product_tag?post=6127"}],"curies":[{"name":"wp","href":"https:\/\/api.w.org\/{rel}","templated":true}]}}